{"id":672,"date":"2022-04-06T12:54:25","date_gmt":"2022-04-06T12:54:25","guid":{"rendered":"https:\/\/promochaudiere.be\/produit\/flamco-separateur-de-boue-clean-smart-1\/"},"modified":"2026-02-03T18:15:18","modified_gmt":"2026-02-03T17:15:18","slug":"flamco-separateur-de-boue-clean-smart-1","status":"publish","type":"product","link":"https:\/\/promochaudiere.be\/nl\/product\/flamco-separateur-de-boue-clean-smart-1\/","title":{"rendered":"Flamco s\u00e9parateur de boue clean smart 1&Prime;"},"content":{"rendered":"<p>Clean smart de la marque Flamco est con\u00e7u sp\u00e9cialement pour les installations de chauffage et de refroidissement constituent la nouvelle norme. Il extrait ainsi les particules de salet\u00e9s les plus minuscules de l&rsquo;eau de l&rsquo;installation.<\/p>","protected":false},"excerpt":{"rendered":"<p>Flamco s\u00e9parateur de boue clean smart 1&Prime;<\/p>","protected":false},"featured_media":944,"comment_status":"open","ping_status":"closed","template":"","meta":[],"product_brand":[],"product_cat":[296],"product_tag":[],"class_list":{"0":"post-672","1":"product","2":"type-product","3":"status-publish","4":"has-post-thumbnail","6":"product_cat-filtre-magnetique","7":"pa_marque-flamco","9":"first","10":"instock","11":"sale","12":"taxable","13":"shipping-taxable","14":"purchasable","15":"product-type-simple"},"aioseo_notices":[],"_links":{"self":[{"href":"https:\/\/promochaudiere.be\/nl\/wp-json\/wp\/v2\/product\/672","targetHints":{"allow":["GET"]}}],"collection":[{"href":"https:\/\/promochaudiere.be\/nl\/wp-json\/wp\/v2\/product"}],"about":[{"href":"https:\/\/promochaudiere.be\/nl\/wp-json\/wp\/v2\/types\/product"}],"replies":[{"embeddable":true,"href":"https:\/\/promochaudiere.be\/nl\/wp-json\/wp\/v2\/comments?post=672"}],"version-history":[{"count":1,"href":"https:\/\/promochaudiere.be\/nl\/wp-json\/wp\/v2\/product\/672\/revisions"}],"predecessor-version":[{"id":51734,"href":"https:\/\/promochaudiere.be\/nl\/wp-json\/wp\/v2\/product\/672\/revisions\/51734"}],"wp:featuredmedia":[{"embeddable":true,"href":"https:\/\/promochaudiere.be\/nl\/wp-json\/wp\/v2\/media\/944"}],"wp:attachment":[{"href":"https:\/\/promochaudiere.be\/nl\/wp-json\/wp\/v2\/media?parent=672"}],"wp:term":[{"taxonomy":"product_brand","embeddable":true,"href":"https:\/\/promochaudiere.be\/nl\/wp-json\/wp\/v2\/product_brand?post=672"},{"taxonomy":"product_cat","embeddable":true,"href":"https:\/\/promochaudiere.be\/nl\/wp-json\/wp\/v2\/product_cat?post=672"},{"taxonomy":"product_tag","embeddable":true,"href":"https:\/\/promochaudiere.be\/nl\/wp-json\/wp\/v2\/product_tag?post=672"}],"curies":[{"name":"wp","href":"https:\/\/api.w.org\/{rel}","templated":true}]}}