{"id":681,"date":"2022-04-06T12:54:26","date_gmt":"2022-04-06T12:54:26","guid":{"rendered":"https:\/\/promochaudiere.be\/produit\/flamco-separateur-air-boue-xstream-vent-clean-3-4\/"},"modified":"2026-02-03T18:15:39","modified_gmt":"2026-02-03T17:15:39","slug":"flamco-separateur-air-boue-xstream-vent-clean-3-4","status":"publish","type":"product","link":"https:\/\/promochaudiere.be\/nl\/product\/flamco-separateur-air-boue-xstream-vent-clean-3-4\/","title":{"rendered":"Flamco s\u00e9parateur air\/boue XSTREAM vent-clean 3\/4&Prime;"},"content":{"rendered":"<p>La marque Flamco vous pr\u00e9sente le meilleur s\u00e9parateur air\/boue XSTREAM pour une vie plus facile. Ce s\u00e9parateur solide et plus pratique, Il r\u00e9siste mieux \u00e0 l\u2019usure et il consomme moins d\u2019\u00e9nergie.<\/p>","protected":false},"excerpt":{"rendered":"<p>Flamco s\u00e9parateur air\/boue XSTREAM vent-clean 3\/4&Prime;<\/p>","protected":false},"featured_media":953,"comment_status":"open","ping_status":"closed","template":"","meta":[],"product_brand":[],"product_cat":[296],"product_tag":[],"class_list":{"0":"post-681","1":"product","2":"type-product","3":"status-publish","4":"has-post-thumbnail","6":"product_cat-filtre-magnetique","7":"pa_marque-flamco","9":"first","10":"instock","11":"sale","12":"taxable","13":"shipping-taxable","14":"purchasable","15":"product-type-simple"},"aioseo_notices":[],"_links":{"self":[{"href":"https:\/\/promochaudiere.be\/nl\/wp-json\/wp\/v2\/product\/681","targetHints":{"allow":["GET"]}}],"collection":[{"href":"https:\/\/promochaudiere.be\/nl\/wp-json\/wp\/v2\/product"}],"about":[{"href":"https:\/\/promochaudiere.be\/nl\/wp-json\/wp\/v2\/types\/product"}],"replies":[{"embeddable":true,"href":"https:\/\/promochaudiere.be\/nl\/wp-json\/wp\/v2\/comments?post=681"}],"version-history":[{"count":2,"href":"https:\/\/promochaudiere.be\/nl\/wp-json\/wp\/v2\/product\/681\/revisions"}],"predecessor-version":[{"id":51719,"href":"https:\/\/promochaudiere.be\/nl\/wp-json\/wp\/v2\/product\/681\/revisions\/51719"}],"wp:featuredmedia":[{"embeddable":true,"href":"https:\/\/promochaudiere.be\/nl\/wp-json\/wp\/v2\/media\/953"}],"wp:attachment":[{"href":"https:\/\/promochaudiere.be\/nl\/wp-json\/wp\/v2\/media?parent=681"}],"wp:term":[{"taxonomy":"product_brand","embeddable":true,"href":"https:\/\/promochaudiere.be\/nl\/wp-json\/wp\/v2\/product_brand?post=681"},{"taxonomy":"product_cat","embeddable":true,"href":"https:\/\/promochaudiere.be\/nl\/wp-json\/wp\/v2\/product_cat?post=681"},{"taxonomy":"product_tag","embeddable":true,"href":"https:\/\/promochaudiere.be\/nl\/wp-json\/wp\/v2\/product_tag?post=681"}],"curies":[{"name":"wp","href":"https:\/\/api.w.org\/{rel}","templated":true}]}}