{"id":682,"date":"2022-04-06T12:54:26","date_gmt":"2022-04-06T12:54:26","guid":{"rendered":"https:\/\/promochaudiere.be\/produit\/grundfos-pompe-de-relevage-des-condensats-conlift-1\/"},"modified":"2026-02-03T18:15:21","modified_gmt":"2026-02-03T17:15:21","slug":"grundfos-pompe-de-relevage-des-condensats-conlift-1","status":"publish","type":"product","link":"https:\/\/promochaudiere.be\/nl\/product\/grundfos-pompe-de-relevage-des-condensats-conlift-1\/","title":{"rendered":"Grundfos pompe de relevage des condensats CONLIFT 1"},"content":{"rendered":"<p>Besoin d\u2019une pompe efficace et de bonne qualit\u00e9 ? La marque Grundfos vous pr\u00e9sente la meilleure solution de pompage. Elle convient parfaitement pour le relevage et l&rsquo;\u00e9vacuation du condensat.<\/p>","protected":false},"excerpt":{"rendered":"<p><strong>Caract\u00e9ristiques\u00a0:<\/strong><\/p>\n<ul>\n<li>D\u00e9bit maxi\u00a0: 0.167 l\/s<\/li>\n<li>Pression maxi\u00a0: 5.5 m<\/li>\n<li>Maximum liquide temp\u00e9rature\u00a0: 50 \u00b0C<\/li>\n<li>Densit\u00e9 : 998.2 kg\/m\u00b3<\/li>\n<li>Valeur de PH min\u00a0: 2.7<\/li>\n<li>Puissance absorb\u00e9e &#8211; P1\u00a0: 75 W<\/li>\n<li>Fr\u00e9quence d&rsquo;alimentation\u00a0: 50 Hz<\/li>\n<li>Tension nominale\u00a0: 1 x 230 V<\/li>\n<li>Courant nominal\u00a0: 0.65 A<\/li>\n<li>Indice de protection (IEC 34-5)\u00a0: IP20<\/li>\n<li>Classe d&rsquo;isolement (IEC 85)\u00a0: F<\/li>\n<li>Longueur du c\u00e2ble\u00a0: 1.7 m<\/li>\n<\/ul>","protected":false},"featured_media":954,"comment_status":"open","ping_status":"closed","template":"","meta":[],"product_brand":[],"product_cat":[298],"product_tag":[],"class_list":{"0":"post-682","1":"product","2":"type-product","3":"status-publish","4":"has-post-thumbnail","6":"product_cat-pompe","7":"pa_marque-grundfos","9":"first","10":"instock","11":"sale","12":"taxable","13":"shipping-taxable","14":"purchasable","15":"product-type-simple"},"aioseo_notices":[],"_links":{"self":[{"href":"https:\/\/promochaudiere.be\/nl\/wp-json\/wp\/v2\/product\/682","targetHints":{"allow":["GET"]}}],"collection":[{"href":"https:\/\/promochaudiere.be\/nl\/wp-json\/wp\/v2\/product"}],"about":[{"href":"https:\/\/promochaudiere.be\/nl\/wp-json\/wp\/v2\/types\/product"}],"replies":[{"embeddable":true,"href":"https:\/\/promochaudiere.be\/nl\/wp-json\/wp\/v2\/comments?post=682"}],"version-history":[{"count":1,"href":"https:\/\/promochaudiere.be\/nl\/wp-json\/wp\/v2\/product\/682\/revisions"}],"predecessor-version":[{"id":51720,"href":"https:\/\/promochaudiere.be\/nl\/wp-json\/wp\/v2\/product\/682\/revisions\/51720"}],"wp:featuredmedia":[{"embeddable":true,"href":"https:\/\/promochaudiere.be\/nl\/wp-json\/wp\/v2\/media\/954"}],"wp:attachment":[{"href":"https:\/\/promochaudiere.be\/nl\/wp-json\/wp\/v2\/media?parent=682"}],"wp:term":[{"taxonomy":"product_brand","embeddable":true,"href":"https:\/\/promochaudiere.be\/nl\/wp-json\/wp\/v2\/product_brand?post=682"},{"taxonomy":"product_cat","embeddable":true,"href":"https:\/\/promochaudiere.be\/nl\/wp-json\/wp\/v2\/product_cat?post=682"},{"taxonomy":"product_tag","embeddable":true,"href":"https:\/\/promochaudiere.be\/nl\/wp-json\/wp\/v2\/product_tag?post=682"}],"curies":[{"name":"wp","href":"https:\/\/api.w.org\/{rel}","templated":true}]}}