{"id":751,"date":"2022-04-06T12:54:34","date_gmt":"2022-04-06T12:54:34","guid":{"rendered":"https:\/\/promochaudiere.be\/produit\/vaillant-regulateur-a-sonde-exterieure-mulimatic-vrc-700\/"},"modified":"2026-02-03T19:40:02","modified_gmt":"2026-02-03T18:40:02","slug":"vaillant-regulateur-a-sonde-exterieure-mulimatic-vrc-700","status":"publish","type":"product","link":"https:\/\/promochaudiere.be\/nl\/product\/vaillant-regulateur-a-sonde-exterieure-mulimatic-vrc-700\/","title":{"rendered":"Vaillant r\u00e9gulateur \u00e0 sonde ext\u00e9rieure MULIMATIC VRC 700"},"content":{"rendered":"<p>Simple et moderne, le r\u00e9gulateur Multimatic 700 de la marque Vaillant vous permet de piloter et contr\u00f4ler votre installation de chauffage. Il convient parfaitement avec toutes les chaudi\u00e8res Vaillant qui disposent d\u2019une interface eBus.<\/p>\n<p>Ce r\u00e9gulateur s\u2019int\u00e8gre facilement dans votre int\u00e9rieur. Gr\u00e2ce \u00e0 ses dimensions compactes, Vous pouvez l\u2019installer au mur ou s\u2019encastrer directement dans la chaudi\u00e8re<\/p>","protected":false},"excerpt":{"rendered":"<p><strong>Caract\u00e9ristiques\u00a0:<\/strong><\/p>\n<ul>\n<li>Hauteur\u00a0: 115 mm<\/li>\n<li>Largeur\u00a0: 147 mm<\/li>\n<li>Profondeur\u00a0: 50 mm<\/li>\n<li>Classe de protection \u00e9lectrique\u00a0: III<\/li>\n<li>Type de protection\u00a0: IP 20<\/li>\n<li>Consommation \u00e9lectrique\u00a0: &lt; 50 mA<\/li>\n<li>Alimentation \u00e9lectrique\u00a0: 24 V auto-aliment\u00e9<\/li>\n<\/ul>","protected":false},"featured_media":1065,"comment_status":"open","ping_status":"closed","template":"","meta":[],"product_brand":[],"product_cat":[532],"product_tag":[],"class_list":{"0":"post-751","1":"product","2":"type-product","3":"status-publish","4":"has-post-thumbnail","6":"product_cat-thermostat-vaillant-fr","7":"pa_marque-vaillant","9":"first","10":"instock","11":"sale","12":"taxable","13":"shipping-taxable","14":"purchasable","15":"product-type-simple"},"aioseo_notices":[],"_links":{"self":[{"href":"https:\/\/promochaudiere.be\/nl\/wp-json\/wp\/v2\/product\/751","targetHints":{"allow":["GET"]}}],"collection":[{"href":"https:\/\/promochaudiere.be\/nl\/wp-json\/wp\/v2\/product"}],"about":[{"href":"https:\/\/promochaudiere.be\/nl\/wp-json\/wp\/v2\/types\/product"}],"replies":[{"embeddable":true,"href":"https:\/\/promochaudiere.be\/nl\/wp-json\/wp\/v2\/comments?post=751"}],"version-history":[{"count":1,"href":"https:\/\/promochaudiere.be\/nl\/wp-json\/wp\/v2\/product\/751\/revisions"}],"predecessor-version":[{"id":1066,"href":"https:\/\/promochaudiere.be\/nl\/wp-json\/wp\/v2\/product\/751\/revisions\/1066"}],"wp:featuredmedia":[{"embeddable":true,"href":"https:\/\/promochaudiere.be\/nl\/wp-json\/wp\/v2\/media\/1065"}],"wp:attachment":[{"href":"https:\/\/promochaudiere.be\/nl\/wp-json\/wp\/v2\/media?parent=751"}],"wp:term":[{"taxonomy":"product_brand","embeddable":true,"href":"https:\/\/promochaudiere.be\/nl\/wp-json\/wp\/v2\/product_brand?post=751"},{"taxonomy":"product_cat","embeddable":true,"href":"https:\/\/promochaudiere.be\/nl\/wp-json\/wp\/v2\/product_cat?post=751"},{"taxonomy":"product_tag","embeddable":true,"href":"https:\/\/promochaudiere.be\/nl\/wp-json\/wp\/v2\/product_tag?post=751"}],"curies":[{"name":"wp","href":"https:\/\/api.w.org\/{rel}","templated":true}]}}