{"id":753,"date":"2022-04-06T12:54:34","date_gmt":"2022-04-06T12:54:34","guid":{"rendered":"https:\/\/promochaudiere.be\/produit\/vaillant-regulation-a-sonde-exterieure-sensocomfort-vrc720f\/"},"modified":"2026-02-03T19:40:08","modified_gmt":"2026-02-03T18:40:08","slug":"vaillant-regulation-a-sonde-exterieure-sensocomfort-vrc720f","status":"publish","type":"product","link":"https:\/\/promochaudiere.be\/product\/vaillant-regulation-a-sonde-exterieure-sensocomfort-vrc720f\/","title":{"rendered":"Vaillant r\u00e9gulation \u00e0 sonde ext\u00e9rieure SENSOCOMFORT VRC720F"},"content":{"rendered":"<p>Simple et moderne, ce r\u00e9gulateur de la marque Vaillant ira parfaitement pour vous\u00a0! Il dispose d\u2019un affichage num\u00e9rique r\u00e9tro\u00e9clair\u00e9 TFT 3,5 pouces monochrome avec 4 touches et 1 zone de touche capacitive. Il est compatible pour tous les appareils Vaillant (chaudi\u00e8res, pompes \u00e0 chaleur &#8230; etc.)<\/p>\n<p>Ce r\u00e9gulateur d\u00e9tecte automatiquement des accessoires connect\u00e9s. Il assure une programmation hebdomadaire pour le chauffage central, la production d&rsquo;eau chaude sanitaire, la ventilation et le refroidissement.<\/p>","protected":false},"excerpt":{"rendered":"<p><strong>Caract\u00e9ristiques\u00a0:<\/strong><\/p>\n<ul>\n<li>Hauteur\u00a0: 109 mm<\/li>\n<li>Largeur\u00a0: 175 mm<\/li>\n<li>Profondeur\u00a0: 27 mm<\/li>\n<li>Degr\u00e9 de protection\u00a0: III<\/li>\n<li>Type de protection\u00a0: IP 20<\/li>\n<\/ul>","protected":false},"featured_media":1069,"comment_status":"open","ping_status":"closed","template":"","meta":[],"product_brand":[],"product_cat":[532],"product_tag":[],"class_list":{"0":"post-753","1":"product","2":"type-product","3":"status-publish","4":"has-post-thumbnail","6":"product_cat-thermostat-vaillant-fr","7":"pa_marque-vaillant","9":"first","10":"instock","11":"sale","12":"taxable","13":"shipping-taxable","14":"purchasable","15":"product-type-simple"},"aioseo_notices":[],"_links":{"self":[{"href":"https:\/\/promochaudiere.be\/nl\/wp-json\/wp\/v2\/product\/753","targetHints":{"allow":["GET"]}}],"collection":[{"href":"https:\/\/promochaudiere.be\/nl\/wp-json\/wp\/v2\/product"}],"about":[{"href":"https:\/\/promochaudiere.be\/nl\/wp-json\/wp\/v2\/types\/product"}],"replies":[{"embeddable":true,"href":"https:\/\/promochaudiere.be\/nl\/wp-json\/wp\/v2\/comments?post=753"}],"version-history":[{"count":1,"href":"https:\/\/promochaudiere.be\/nl\/wp-json\/wp\/v2\/product\/753\/revisions"}],"predecessor-version":[{"id":1070,"href":"https:\/\/promochaudiere.be\/nl\/wp-json\/wp\/v2\/product\/753\/revisions\/1070"}],"wp:featuredmedia":[{"embeddable":true,"href":"https:\/\/promochaudiere.be\/nl\/wp-json\/wp\/v2\/media\/1069"}],"wp:attachment":[{"href":"https:\/\/promochaudiere.be\/nl\/wp-json\/wp\/v2\/media?parent=753"}],"wp:term":[{"taxonomy":"product_brand","embeddable":true,"href":"https:\/\/promochaudiere.be\/nl\/wp-json\/wp\/v2\/product_brand?post=753"},{"taxonomy":"product_cat","embeddable":true,"href":"https:\/\/promochaudiere.be\/nl\/wp-json\/wp\/v2\/product_cat?post=753"},{"taxonomy":"product_tag","embeddable":true,"href":"https:\/\/promochaudiere.be\/nl\/wp-json\/wp\/v2\/product_tag?post=753"}],"curies":[{"name":"wp","href":"https:\/\/api.w.org\/{rel}","templated":true}]}}