{"id":755,"date":"2022-04-06T12:54:34","date_gmt":"2022-04-06T12:54:34","guid":{"rendered":"https:\/\/promochaudiere.be\/produit\/vaillant-thermostat-modulant-calormatic-vrt-350\/"},"modified":"2026-02-03T19:39:58","modified_gmt":"2026-02-03T18:39:58","slug":"vaillant-thermostat-modulant-calormatic-vrt-350","status":"publish","type":"product","link":"https:\/\/promochaudiere.be\/nl\/product\/vaillant-thermostat-modulant-calormatic-vrt-350\/","title":{"rendered":"Vaillant thermostat modulant CALORMATIC VRT 350"},"content":{"rendered":"<p>Simple et moderne, ce thermostat modulant de la marque Vaillant ira parfaitement pour vous\u00a0! Il dispose d\u2019un affichage num\u00e9rique r\u00e9tro\u00e9clair\u00e9 avec texte et symboles (23 langues) et d\u2019une commande intuitive.<\/p>\n<p>Ce thermostat assure une programmation hebdomadaire pour le chauffage central et la production d&rsquo;eau chaude sanitaire.<\/p>","protected":false},"excerpt":{"rendered":"<p><strong>Caract\u00e9ristiques\u00a0:<\/strong><\/p>\n<ul>\n<li>Hauteur\u00a0: 97 mm<\/li>\n<li>Largeur\u00a0: 147 mm<\/li>\n<li>Profondeur\u00a0: 50 mm<\/li>\n<li>Degr\u00e9 de protection\u00a0: III<\/li>\n<li>Type de protection\u00a0: IP 20<\/li>\n<\/ul>","protected":false},"featured_media":1072,"comment_status":"open","ping_status":"closed","template":"","meta":[],"product_brand":[],"product_cat":[532],"product_tag":[],"class_list":{"0":"post-755","1":"product","2":"type-product","3":"status-publish","4":"has-post-thumbnail","6":"product_cat-thermostat-vaillant-fr","7":"pa_marque-vaillant","9":"first","10":"instock","11":"sale","12":"taxable","13":"shipping-taxable","14":"purchasable","15":"product-type-simple"},"aioseo_notices":[],"_links":{"self":[{"href":"https:\/\/promochaudiere.be\/nl\/wp-json\/wp\/v2\/product\/755","targetHints":{"allow":["GET"]}}],"collection":[{"href":"https:\/\/promochaudiere.be\/nl\/wp-json\/wp\/v2\/product"}],"about":[{"href":"https:\/\/promochaudiere.be\/nl\/wp-json\/wp\/v2\/types\/product"}],"replies":[{"embeddable":true,"href":"https:\/\/promochaudiere.be\/nl\/wp-json\/wp\/v2\/comments?post=755"}],"version-history":[{"count":1,"href":"https:\/\/promochaudiere.be\/nl\/wp-json\/wp\/v2\/product\/755\/revisions"}],"predecessor-version":[{"id":1073,"href":"https:\/\/promochaudiere.be\/nl\/wp-json\/wp\/v2\/product\/755\/revisions\/1073"}],"wp:featuredmedia":[{"embeddable":true,"href":"https:\/\/promochaudiere.be\/nl\/wp-json\/wp\/v2\/media\/1072"}],"wp:attachment":[{"href":"https:\/\/promochaudiere.be\/nl\/wp-json\/wp\/v2\/media?parent=755"}],"wp:term":[{"taxonomy":"product_brand","embeddable":true,"href":"https:\/\/promochaudiere.be\/nl\/wp-json\/wp\/v2\/product_brand?post=755"},{"taxonomy":"product_cat","embeddable":true,"href":"https:\/\/promochaudiere.be\/nl\/wp-json\/wp\/v2\/product_cat?post=755"},{"taxonomy":"product_tag","embeddable":true,"href":"https:\/\/promochaudiere.be\/nl\/wp-json\/wp\/v2\/product_tag?post=755"}],"curies":[{"name":"wp","href":"https:\/\/api.w.org\/{rel}","templated":true}]}}