{"id":756,"date":"2022-04-06T12:54:34","date_gmt":"2022-04-06T12:54:34","guid":{"rendered":"https:\/\/promochaudiere.be\/produit\/vaillant-thermostat-dambiance-modulant-ebus-sensohome-vrt-380\/"},"modified":"2026-02-03T19:40:02","modified_gmt":"2026-02-03T18:40:02","slug":"vaillant-thermostat-dambiance-modulant-ebus-sensohome-vrt-380","status":"publish","type":"product","link":"https:\/\/promochaudiere.be\/nl\/product\/vaillant-thermostat-dambiance-modulant-ebus-sensohome-vrt-380\/","title":{"rendered":"Vaillant modulerende kamerthermostaat EBUS SENSOHOME VRT 380"},"content":{"rendered":"<p>Simple et moderne, ce thermostat modulant de la marque Vaillant ira parfaitement pour vous\u00a0! Il dispose d\u2019un affichage num\u00e9rique r\u00e9tro\u00e9clair\u00e9 TFT 3,5 pouces monochrome, 4 touches et 1 zone de touche capacitive.<\/p>\n<p>Ce thermostat assure une programmation hebdomadaire pour le chauffage central et la production d&rsquo;eau chaude sanitaire. Il est compatible avec les appareils Vaillant pourvus de la connexion eBUS.<\/p>","protected":false},"excerpt":{"rendered":"<p><strong>Caract\u00e9ristiques\u00a0:<\/strong><\/p>\n<ul>\n<li>Hauteur\u00a0: 109 mm<\/li>\n<li>Largeur\u00a0: 175 mm<\/li>\n<li>Profondeur\u00a0: 26 mm<\/li>\n<li>Degr\u00e9 de protection\u00a0: III<\/li>\n<li>Type de protection\u00a0: IP 20<\/li>\n<\/ul>","protected":false},"featured_media":1074,"comment_status":"open","ping_status":"closed","template":"","meta":[],"product_brand":[],"product_cat":[522,532],"product_tag":[],"class_list":{"0":"post-756","1":"product","2":"type-product","3":"status-publish","4":"has-post-thumbnail","6":"product_cat-meilleures-ventes","7":"product_cat-thermostat-vaillant-fr","8":"pa_marque-vaillant","10":"first","11":"instock","12":"sale","13":"taxable","14":"shipping-taxable","15":"purchasable","16":"product-type-simple"},"aioseo_notices":[],"_links":{"self":[{"href":"https:\/\/promochaudiere.be\/nl\/wp-json\/wp\/v2\/product\/756","targetHints":{"allow":["GET"]}}],"collection":[{"href":"https:\/\/promochaudiere.be\/nl\/wp-json\/wp\/v2\/product"}],"about":[{"href":"https:\/\/promochaudiere.be\/nl\/wp-json\/wp\/v2\/types\/product"}],"replies":[{"embeddable":true,"href":"https:\/\/promochaudiere.be\/nl\/wp-json\/wp\/v2\/comments?post=756"}],"version-history":[{"count":1,"href":"https:\/\/promochaudiere.be\/nl\/wp-json\/wp\/v2\/product\/756\/revisions"}],"predecessor-version":[{"id":1075,"href":"https:\/\/promochaudiere.be\/nl\/wp-json\/wp\/v2\/product\/756\/revisions\/1075"}],"wp:featuredmedia":[{"embeddable":true,"href":"https:\/\/promochaudiere.be\/nl\/wp-json\/wp\/v2\/media\/1074"}],"wp:attachment":[{"href":"https:\/\/promochaudiere.be\/nl\/wp-json\/wp\/v2\/media?parent=756"}],"wp:term":[{"taxonomy":"product_brand","embeddable":true,"href":"https:\/\/promochaudiere.be\/nl\/wp-json\/wp\/v2\/product_brand?post=756"},{"taxonomy":"product_cat","embeddable":true,"href":"https:\/\/promochaudiere.be\/nl\/wp-json\/wp\/v2\/product_cat?post=756"},{"taxonomy":"product_tag","embeddable":true,"href":"https:\/\/promochaudiere.be\/nl\/wp-json\/wp\/v2\/product_tag?post=756"}],"curies":[{"name":"wp","href":"https:\/\/api.w.org\/{rel}","templated":true}]}}