{"id":759,"date":"2022-04-06T12:54:34","date_gmt":"2022-04-06T12:54:34","guid":{"rendered":"https:\/\/promochaudiere.be\/produit\/vaillant-groupe-de-pompe-avec-vanne-melangeuse-1\/"},"modified":"2026-02-03T19:40:10","modified_gmt":"2026-02-03T18:40:10","slug":"vaillant-groupe-de-pompe-avec-vanne-melangeuse-1","status":"publish","type":"product","link":"https:\/\/promochaudiere.be\/nl\/product\/vaillant-groupe-de-pompe-avec-vanne-melangeuse-1\/","title":{"rendered":"Vaillant groupe de pompe avec vanne m\u00e9langeuse 1&Prime;"},"content":{"rendered":"<p>Ce groupe de pompe de la marque Vaillant est con\u00e7u sp\u00e9cialement pour alimenter les des circuits radiateurs, convecteurs et\/ou le chauffage sol (pour usage domestique). Il est compatible avec c toutes les chaudi\u00e8res sol ou murales et les pompes \u00e0 chaleur de Vaillant.<\/p>\n<p>Il dispose d\u2019un circulateur haut rendement (Eup Ready EEI &lt; 0,23), 2 vannes d\u2019arr\u00eat avec thermom\u00e8tre, une vanne \u00e0 3 voies 3\/4&Prime; motoris\u00e9e 230 V, une isolation et un d\u00e9part et retour Rp 3\/4.<\/p>","protected":false},"excerpt":{"rendered":"<p>Vaillant groupe de pompe avec vanne m\u00e9langeuse 1&Prime;<\/p>","protected":false},"featured_media":1079,"comment_status":"open","ping_status":"closed","template":"","meta":[],"product_brand":[],"product_cat":[9469],"product_tag":[],"class_list":{"0":"post-759","1":"product","2":"type-product","3":"status-publish","4":"has-post-thumbnail","6":"product_cat-accessoires-chaudieres-vaillant","7":"pa_marque-vaillant","9":"first","10":"instock","11":"sale","12":"taxable","13":"shipping-taxable","14":"purchasable","15":"product-type-simple"},"aioseo_notices":[],"_links":{"self":[{"href":"https:\/\/promochaudiere.be\/nl\/wp-json\/wp\/v2\/product\/759","targetHints":{"allow":["GET"]}}],"collection":[{"href":"https:\/\/promochaudiere.be\/nl\/wp-json\/wp\/v2\/product"}],"about":[{"href":"https:\/\/promochaudiere.be\/nl\/wp-json\/wp\/v2\/types\/product"}],"replies":[{"embeddable":true,"href":"https:\/\/promochaudiere.be\/nl\/wp-json\/wp\/v2\/comments?post=759"}],"version-history":[{"count":1,"href":"https:\/\/promochaudiere.be\/nl\/wp-json\/wp\/v2\/product\/759\/revisions"}],"predecessor-version":[{"id":1080,"href":"https:\/\/promochaudiere.be\/nl\/wp-json\/wp\/v2\/product\/759\/revisions\/1080"}],"wp:featuredmedia":[{"embeddable":true,"href":"https:\/\/promochaudiere.be\/nl\/wp-json\/wp\/v2\/media\/1079"}],"wp:attachment":[{"href":"https:\/\/promochaudiere.be\/nl\/wp-json\/wp\/v2\/media?parent=759"}],"wp:term":[{"taxonomy":"product_brand","embeddable":true,"href":"https:\/\/promochaudiere.be\/nl\/wp-json\/wp\/v2\/product_brand?post=759"},{"taxonomy":"product_cat","embeddable":true,"href":"https:\/\/promochaudiere.be\/nl\/wp-json\/wp\/v2\/product_cat?post=759"},{"taxonomy":"product_tag","embeddable":true,"href":"https:\/\/promochaudiere.be\/nl\/wp-json\/wp\/v2\/product_tag?post=759"}],"curies":[{"name":"wp","href":"https:\/\/api.w.org\/{rel}","templated":true}]}}