{"id":760,"date":"2022-04-06T12:54:34","date_gmt":"2022-04-06T12:54:34","guid":{"rendered":"https:\/\/promochaudiere.be\/produit\/vaillant-groupe-de-pompe-sans-vanne-melangeuse\/"},"modified":"2026-02-03T19:40:09","modified_gmt":"2026-02-03T18:40:09","slug":"vaillant-groupe-de-pompe-sans-vanne-melangeuse","status":"publish","type":"product","link":"https:\/\/promochaudiere.be\/nl\/product\/vaillant-groupe-de-pompe-sans-vanne-melangeuse\/","title":{"rendered":"Vaillant groupe de pompe sans vanne m\u00e9langeuse"},"content":{"rendered":"<p>Ce groupe de pompe de la marque Vaillant est con\u00e7u sp\u00e9cialement pour alimenter les des circuits radiateurs, convecteurs et\/ou le chauffage sol (pour usage domestique). Il est compatible avec c toutes les chaudi\u00e8res sol ou murales et les pompes \u00e0 chaleur de Vaillant.<\/p>\n<p>Il dispose d\u2019un circulateur haut rendement (Eup Ready EEI &lt; 0,23), 2 vannes d\u2019arr\u00eat avec thermom\u00e8tre, une vanne d&rsquo;arr\u00eat avec clapet anti-retour, une isolation et un d\u00e9part et retour Rp 1.<\/p>","protected":false},"excerpt":{"rendered":"<p>Vaillant groupe de pompe sans vanne m\u00e9langeuse<\/p>","protected":false},"featured_media":1081,"comment_status":"open","ping_status":"closed","template":"","meta":[],"product_brand":[],"product_cat":[9469],"product_tag":[],"class_list":{"0":"post-760","1":"product","2":"type-product","3":"status-publish","4":"has-post-thumbnail","6":"product_cat-accessoires-chaudieres-vaillant","7":"pa_marque-vaillant","9":"first","10":"instock","11":"sale","12":"taxable","13":"shipping-taxable","14":"purchasable","15":"product-type-simple"},"aioseo_notices":[],"_links":{"self":[{"href":"https:\/\/promochaudiere.be\/nl\/wp-json\/wp\/v2\/product\/760","targetHints":{"allow":["GET"]}}],"collection":[{"href":"https:\/\/promochaudiere.be\/nl\/wp-json\/wp\/v2\/product"}],"about":[{"href":"https:\/\/promochaudiere.be\/nl\/wp-json\/wp\/v2\/types\/product"}],"replies":[{"embeddable":true,"href":"https:\/\/promochaudiere.be\/nl\/wp-json\/wp\/v2\/comments?post=760"}],"version-history":[{"count":0,"href":"https:\/\/promochaudiere.be\/nl\/wp-json\/wp\/v2\/product\/760\/revisions"}],"wp:featuredmedia":[{"embeddable":true,"href":"https:\/\/promochaudiere.be\/nl\/wp-json\/wp\/v2\/media\/1081"}],"wp:attachment":[{"href":"https:\/\/promochaudiere.be\/nl\/wp-json\/wp\/v2\/media?parent=760"}],"wp:term":[{"taxonomy":"product_brand","embeddable":true,"href":"https:\/\/promochaudiere.be\/nl\/wp-json\/wp\/v2\/product_brand?post=760"},{"taxonomy":"product_cat","embeddable":true,"href":"https:\/\/promochaudiere.be\/nl\/wp-json\/wp\/v2\/product_cat?post=760"},{"taxonomy":"product_tag","embeddable":true,"href":"https:\/\/promochaudiere.be\/nl\/wp-json\/wp\/v2\/product_tag?post=760"}],"curies":[{"name":"wp","href":"https:\/\/api.w.org\/{rel}","templated":true}]}}