{"id":762,"date":"2022-04-06T12:54:34","date_gmt":"2022-04-06T12:54:34","guid":{"rendered":"https:\/\/promochaudiere.be\/produit\/vaillant-commande-a-distance-vr91-pour-1-ou-2-circuits\/"},"modified":"2026-02-03T19:39:58","modified_gmt":"2026-02-03T18:39:58","slug":"vaillant-commande-a-distance-vr91-pour-1-ou-2-circuits","status":"publish","type":"product","link":"https:\/\/promochaudiere.be\/nl\/product\/vaillant-commande-a-distance-vr91-pour-1-ou-2-circuits\/","title":{"rendered":"Vaillant commande \u00e0 distance VR91 pour 1 ou 2 circuits"},"content":{"rendered":"<p>Cette commande \u00e0 distance de la marque Vaillant est dot\u00e9e d\u2019un avec affichage num\u00e9rique r\u00e9tro\u00e9clair\u00e9 avec texte et symboles (23 langues) et une commande intuitive sans connaissance pr\u00e9alable. Elle est compatible avec le r\u00e9gulateur multiMATIC VRC 700.<\/p>\n<p>Elle assure une programmation hebdomadaire pour le chauffage central et le refroidissement.<\/p>","protected":false},"excerpt":{"rendered":"<p><strong>Caract\u00e9ristiques\u00a0:<\/strong><\/p>\n<ul>\n<li>Hauteur\u00a0: 115 mm<\/li>\n<li>Largeur\u00a0: 147 mm<\/li>\n<li>Profondeur\u00a0: 50 mm<\/li>\n<li>Degr\u00e9 de protection\u00a0: III<\/li>\n<li>Type de protection\u00a0: IP 20<\/li>\n<\/ul>","protected":false},"featured_media":1084,"comment_status":"open","ping_status":"closed","template":"","meta":[],"product_brand":[],"product_cat":[532],"product_tag":[],"class_list":{"0":"post-762","1":"product","2":"type-product","3":"status-publish","4":"has-post-thumbnail","6":"product_cat-thermostat-vaillant-fr","7":"pa_marque-vaillant","9":"first","10":"instock","11":"sale","12":"taxable","13":"shipping-taxable","14":"purchasable","15":"product-type-simple"},"aioseo_notices":[],"_links":{"self":[{"href":"https:\/\/promochaudiere.be\/nl\/wp-json\/wp\/v2\/product\/762","targetHints":{"allow":["GET"]}}],"collection":[{"href":"https:\/\/promochaudiere.be\/nl\/wp-json\/wp\/v2\/product"}],"about":[{"href":"https:\/\/promochaudiere.be\/nl\/wp-json\/wp\/v2\/types\/product"}],"replies":[{"embeddable":true,"href":"https:\/\/promochaudiere.be\/nl\/wp-json\/wp\/v2\/comments?post=762"}],"version-history":[{"count":1,"href":"https:\/\/promochaudiere.be\/nl\/wp-json\/wp\/v2\/product\/762\/revisions"}],"predecessor-version":[{"id":1085,"href":"https:\/\/promochaudiere.be\/nl\/wp-json\/wp\/v2\/product\/762\/revisions\/1085"}],"wp:featuredmedia":[{"embeddable":true,"href":"https:\/\/promochaudiere.be\/nl\/wp-json\/wp\/v2\/media\/1084"}],"wp:attachment":[{"href":"https:\/\/promochaudiere.be\/nl\/wp-json\/wp\/v2\/media?parent=762"}],"wp:term":[{"taxonomy":"product_brand","embeddable":true,"href":"https:\/\/promochaudiere.be\/nl\/wp-json\/wp\/v2\/product_brand?post=762"},{"taxonomy":"product_cat","embeddable":true,"href":"https:\/\/promochaudiere.be\/nl\/wp-json\/wp\/v2\/product_cat?post=762"},{"taxonomy":"product_tag","embeddable":true,"href":"https:\/\/promochaudiere.be\/nl\/wp-json\/wp\/v2\/product_tag?post=762"}],"curies":[{"name":"wp","href":"https:\/\/api.w.org\/{rel}","templated":true}]}}