{"id":763,"date":"2022-04-06T12:54:34","date_gmt":"2022-04-06T12:54:34","guid":{"rendered":"https:\/\/promochaudiere.be\/produit\/vaillant-module-de-commande-vr-71\/"},"modified":"2026-02-03T19:40:07","modified_gmt":"2026-02-03T18:40:07","slug":"vaillant-module-de-commande-vr-71","status":"publish","type":"product","link":"https:\/\/promochaudiere.be\/nl\/product\/vaillant-module-de-commande-vr-71\/","title":{"rendered":"Vaillant module de commande VR 71"},"content":{"rendered":"<p>Ce module de commande avec une interface eBUS. Il convient sp\u00e9cialement pour trois circuits de chauffage.<\/p>\n<p>Il est compatible uniquement avec le r\u00e9gulateur climatique \u00e0 sonde ext\u00e9rieure MULTIMATIC VRC 700, MULTIMATIC VRC 700f, SENSOCOMFORT VRC 720 ou SENSOCOMFORT VRC 720f.<\/p>","protected":false},"excerpt":{"rendered":"<p>Vaillant module de commande VR 71<\/p>","protected":false},"featured_media":1086,"comment_status":"open","ping_status":"closed","template":"","meta":[],"product_brand":[],"product_cat":[532],"product_tag":[],"class_list":{"0":"post-763","1":"product","2":"type-product","3":"status-publish","4":"has-post-thumbnail","6":"product_cat-thermostat-vaillant-fr","7":"pa_marque-vaillant","9":"first","10":"instock","11":"sale","12":"taxable","13":"shipping-taxable","14":"purchasable","15":"product-type-simple"},"aioseo_notices":[],"_links":{"self":[{"href":"https:\/\/promochaudiere.be\/nl\/wp-json\/wp\/v2\/product\/763","targetHints":{"allow":["GET"]}}],"collection":[{"href":"https:\/\/promochaudiere.be\/nl\/wp-json\/wp\/v2\/product"}],"about":[{"href":"https:\/\/promochaudiere.be\/nl\/wp-json\/wp\/v2\/types\/product"}],"replies":[{"embeddable":true,"href":"https:\/\/promochaudiere.be\/nl\/wp-json\/wp\/v2\/comments?post=763"}],"version-history":[{"count":0,"href":"https:\/\/promochaudiere.be\/nl\/wp-json\/wp\/v2\/product\/763\/revisions"}],"wp:featuredmedia":[{"embeddable":true,"href":"https:\/\/promochaudiere.be\/nl\/wp-json\/wp\/v2\/media\/1086"}],"wp:attachment":[{"href":"https:\/\/promochaudiere.be\/nl\/wp-json\/wp\/v2\/media?parent=763"}],"wp:term":[{"taxonomy":"product_brand","embeddable":true,"href":"https:\/\/promochaudiere.be\/nl\/wp-json\/wp\/v2\/product_brand?post=763"},{"taxonomy":"product_cat","embeddable":true,"href":"https:\/\/promochaudiere.be\/nl\/wp-json\/wp\/v2\/product_cat?post=763"},{"taxonomy":"product_tag","embeddable":true,"href":"https:\/\/promochaudiere.be\/nl\/wp-json\/wp\/v2\/product_tag?post=763"}],"curies":[{"name":"wp","href":"https:\/\/api.w.org\/{rel}","templated":true}]}}