{"id":767,"date":"2022-04-06T12:54:35","date_gmt":"2022-04-06T12:54:35","guid":{"rendered":"https:\/\/promochaudiere.be\/produit\/remeha-thermostat-modulant-opentherm-isense\/"},"modified":"2026-02-03T19:40:02","modified_gmt":"2026-02-03T18:40:02","slug":"remeha-thermostat-modulant-opentherm-isense","status":"publish","type":"product","link":"https:\/\/promochaudiere.be\/nl\/product\/remeha-thermostat-modulant-opentherm-isense\/","title":{"rendered":"Remeha thermostat modulant Opentherm ISENSE"},"content":{"rendered":"<p>Pour ceux qui cherchent un thermostat modulant efficace et de bon prix, nous mettons \u00e0 votre disposition ce thermostat de la marque Remeha qui sera le choix id\u00e9al pour vous\u00a0!<\/p>\n<p>Ce thermostat est con\u00e7u sp\u00e9cialement pour un r\u00e9glage en fonction de la temp\u00e9rature ambiante ou ext\u00e9rieure. Il dispose d\u2019une commande intelligente : un bouton rotatif intuitif et deux boutons poussoirs.<\/p>","protected":false},"excerpt":{"rendered":"<p>Remeha thermostat modulant Opentherm ISENSE<\/p>","protected":false},"featured_media":1092,"comment_status":"open","ping_status":"closed","template":"","meta":[],"product_brand":[],"product_cat":[534],"product_tag":[],"class_list":{"0":"post-767","1":"product","2":"type-product","3":"status-publish","4":"has-post-thumbnail","6":"product_cat-thermostat-remeha-fr","7":"pa_marque-remeha","9":"first","10":"instock","11":"sale","12":"taxable","13":"shipping-taxable","14":"purchasable","15":"product-type-simple"},"aioseo_notices":[],"_links":{"self":[{"href":"https:\/\/promochaudiere.be\/nl\/wp-json\/wp\/v2\/product\/767","targetHints":{"allow":["GET"]}}],"collection":[{"href":"https:\/\/promochaudiere.be\/nl\/wp-json\/wp\/v2\/product"}],"about":[{"href":"https:\/\/promochaudiere.be\/nl\/wp-json\/wp\/v2\/types\/product"}],"replies":[{"embeddable":true,"href":"https:\/\/promochaudiere.be\/nl\/wp-json\/wp\/v2\/comments?post=767"}],"version-history":[{"count":1,"href":"https:\/\/promochaudiere.be\/nl\/wp-json\/wp\/v2\/product\/767\/revisions"}],"predecessor-version":[{"id":51683,"href":"https:\/\/promochaudiere.be\/nl\/wp-json\/wp\/v2\/product\/767\/revisions\/51683"}],"wp:featuredmedia":[{"embeddable":true,"href":"https:\/\/promochaudiere.be\/nl\/wp-json\/wp\/v2\/media\/1092"}],"wp:attachment":[{"href":"https:\/\/promochaudiere.be\/nl\/wp-json\/wp\/v2\/media?parent=767"}],"wp:term":[{"taxonomy":"product_brand","embeddable":true,"href":"https:\/\/promochaudiere.be\/nl\/wp-json\/wp\/v2\/product_brand?post=767"},{"taxonomy":"product_cat","embeddable":true,"href":"https:\/\/promochaudiere.be\/nl\/wp-json\/wp\/v2\/product_cat?post=767"},{"taxonomy":"product_tag","embeddable":true,"href":"https:\/\/promochaudiere.be\/nl\/wp-json\/wp\/v2\/product_tag?post=767"}],"curies":[{"name":"wp","href":"https:\/\/api.w.org\/{rel}","templated":true}]}}