{"id":769,"date":"2022-04-06T12:54:35","date_gmt":"2022-04-06T12:54:35","guid":{"rendered":"https:\/\/promochaudiere.be\/produit\/honeywell-thermostat-dambiance-digitale-t4m-programme-hebdomadaire-opentherm\/"},"modified":"2026-02-03T19:40:01","modified_gmt":"2026-02-03T18:40:01","slug":"honeywell-thermostat-dambiance-digitale-t4m-programme-hebdomadaire-opentherm","status":"publish","type":"product","link":"https:\/\/promochaudiere.be\/nl\/product\/honeywell-thermostat-dambiance-digitale-t4m-programme-hebdomadaire-opentherm\/","title":{"rendered":"Honeywell thermostat d\u2019ambiance digitale T4M programme hebdomadaire opentherm"},"content":{"rendered":"<p>Pour ceux qui cherchent un thermostat d\u2019ambiance efficace et de bon prix, nous mettons \u00e0 votre disposition ce thermostat de la marque Honeywell qui sera le choix id\u00e9al pour vous\u00a0!<\/p>\n<p>Ce thermostat est con\u00e7u sp\u00e9cialement pour contr\u00f4ler automatiquement les horaires de chauffage et de la temp\u00e9rature dans les maisons et les appartements. Il dispose d\u2019un grand \u00e9cran r\u00e9tro\u00e9clair\u00e9.<\/p>","protected":false},"excerpt":{"rendered":"<p>Honeywell thermostat d\u2019ambiance digitale T4M programme hebdomadaire opentherm<\/p>","protected":false},"featured_media":1095,"comment_status":"open","ping_status":"closed","template":"","meta":[],"product_brand":[],"product_cat":[522,530],"product_tag":[],"class_list":{"0":"post-769","1":"product","2":"type-product","3":"status-publish","4":"has-post-thumbnail","6":"product_cat-meilleures-ventes","7":"product_cat-thermostat-honeywell","8":"pa_marque-honeywell","10":"first","11":"instock","12":"sale","13":"taxable","14":"shipping-taxable","15":"purchasable","16":"product-type-simple"},"aioseo_notices":[],"_links":{"self":[{"href":"https:\/\/promochaudiere.be\/nl\/wp-json\/wp\/v2\/product\/769","targetHints":{"allow":["GET"]}}],"collection":[{"href":"https:\/\/promochaudiere.be\/nl\/wp-json\/wp\/v2\/product"}],"about":[{"href":"https:\/\/promochaudiere.be\/nl\/wp-json\/wp\/v2\/types\/product"}],"replies":[{"embeddable":true,"href":"https:\/\/promochaudiere.be\/nl\/wp-json\/wp\/v2\/comments?post=769"}],"version-history":[{"count":1,"href":"https:\/\/promochaudiere.be\/nl\/wp-json\/wp\/v2\/product\/769\/revisions"}],"predecessor-version":[{"id":51685,"href":"https:\/\/promochaudiere.be\/nl\/wp-json\/wp\/v2\/product\/769\/revisions\/51685"}],"wp:featuredmedia":[{"embeddable":true,"href":"https:\/\/promochaudiere.be\/nl\/wp-json\/wp\/v2\/media\/1095"}],"wp:attachment":[{"href":"https:\/\/promochaudiere.be\/nl\/wp-json\/wp\/v2\/media?parent=769"}],"wp:term":[{"taxonomy":"product_brand","embeddable":true,"href":"https:\/\/promochaudiere.be\/nl\/wp-json\/wp\/v2\/product_brand?post=769"},{"taxonomy":"product_cat","embeddable":true,"href":"https:\/\/promochaudiere.be\/nl\/wp-json\/wp\/v2\/product_cat?post=769"},{"taxonomy":"product_tag","embeddable":true,"href":"https:\/\/promochaudiere.be\/nl\/wp-json\/wp\/v2\/product_tag?post=769"}],"curies":[{"name":"wp","href":"https:\/\/api.w.org\/{rel}","templated":true}]}}