{"id":772,"date":"2022-04-06T12:54:35","date_gmt":"2022-04-06T12:54:35","guid":{"rendered":"https:\/\/promochaudiere.be\/produit\/honeywell-thermostat-digital-horloge-sans-fil-7-jours-commande-a-distance\/"},"modified":"2026-02-03T19:40:04","modified_gmt":"2026-02-03T18:40:04","slug":"honeywell-thermostat-digital-horloge-sans-fil-7-jours-commande-a-distance","status":"publish","type":"product","link":"https:\/\/promochaudiere.be\/nl\/product\/honeywell-thermostat-digital-horloge-sans-fil-7-jours-commande-a-distance\/","title":{"rendered":"Honeywell thermostat digital horloge sans fil 7 jours + commande \u00e0 distance"},"content":{"rendered":"<p>Pour ceux qui cherchent un thermostat digital efficace et de bon prix, nous mettons \u00e0 votre disposition ce thermostat de la marque Honeywell qui sera le choix id\u00e9al pour vous\u00a0!<\/p>\n<p>Ce thermostat est con\u00e7u sp\u00e9cialement pour assurer une gestion automatique de la temp\u00e9rature des syst\u00e8mes de chauffage. Il dispose d\u2019un grand \u00e9cran r\u00e9tro\u00e9clair\u00e9 et de divers modes de fonctionnement. Il compatible avec les appareils \u00e9quip\u00e9s en OpenTherm\u00ae.<\/p>","protected":false},"excerpt":{"rendered":"<p>Honeywell thermostat digital horloge sans fil 7 jours + commande \u00e0 distance<\/p>","protected":false},"featured_media":1100,"comment_status":"open","ping_status":"closed","template":"","meta":[],"product_brand":[],"product_cat":[530],"product_tag":[],"class_list":{"0":"post-772","1":"product","2":"type-product","3":"status-publish","4":"has-post-thumbnail","6":"product_cat-thermostat-honeywell","7":"pa_marque-honeywell","9":"first","10":"instock","11":"sale","12":"taxable","13":"shipping-taxable","14":"purchasable","15":"product-type-simple"},"aioseo_notices":[],"_links":{"self":[{"href":"https:\/\/promochaudiere.be\/nl\/wp-json\/wp\/v2\/product\/772","targetHints":{"allow":["GET"]}}],"collection":[{"href":"https:\/\/promochaudiere.be\/nl\/wp-json\/wp\/v2\/product"}],"about":[{"href":"https:\/\/promochaudiere.be\/nl\/wp-json\/wp\/v2\/types\/product"}],"replies":[{"embeddable":true,"href":"https:\/\/promochaudiere.be\/nl\/wp-json\/wp\/v2\/comments?post=772"}],"version-history":[{"count":1,"href":"https:\/\/promochaudiere.be\/nl\/wp-json\/wp\/v2\/product\/772\/revisions"}],"predecessor-version":[{"id":51688,"href":"https:\/\/promochaudiere.be\/nl\/wp-json\/wp\/v2\/product\/772\/revisions\/51688"}],"wp:featuredmedia":[{"embeddable":true,"href":"https:\/\/promochaudiere.be\/nl\/wp-json\/wp\/v2\/media\/1100"}],"wp:attachment":[{"href":"https:\/\/promochaudiere.be\/nl\/wp-json\/wp\/v2\/media?parent=772"}],"wp:term":[{"taxonomy":"product_brand","embeddable":true,"href":"https:\/\/promochaudiere.be\/nl\/wp-json\/wp\/v2\/product_brand?post=772"},{"taxonomy":"product_cat","embeddable":true,"href":"https:\/\/promochaudiere.be\/nl\/wp-json\/wp\/v2\/product_cat?post=772"},{"taxonomy":"product_tag","embeddable":true,"href":"https:\/\/promochaudiere.be\/nl\/wp-json\/wp\/v2\/product_tag?post=772"}],"curies":[{"name":"wp","href":"https:\/\/api.w.org\/{rel}","templated":true}]}}