{"id":773,"date":"2022-04-06T12:54:35","date_gmt":"2022-04-06T12:54:35","guid":{"rendered":"https:\/\/promochaudiere.be\/produit\/honeywell-thermostat-dambiance-digital-dt92e\/"},"modified":"2026-02-03T18:15:14","modified_gmt":"2026-02-03T17:15:14","slug":"honeywell-thermostat-dambiance-digital-dt92e","status":"publish","type":"product","link":"https:\/\/promochaudiere.be\/nl\/product\/honeywell-thermostat-dambiance-digital-dt92e\/","title":{"rendered":"Honeywell thermostat d\u2019ambiance digital DT92E"},"content":{"rendered":"<p>Pour ceux qui cherchent un thermostat d\u2019ambiance efficace et de bon prix, nous mettons \u00e0 votre disposition ce thermostat de la marque Honeywell qui sera le choix id\u00e9al pour vous\u00a0!<\/p>\n<p>Ce thermostat est con\u00e7u sp\u00e9cialement pour assurer \u00e9conomiquement le confort dans les syst\u00e8mes de chauffage moderne. Il contient un affichage num\u00e9rique et une touche ECO.<\/p>","protected":false},"excerpt":{"rendered":"<p>Honeywell thermostat d\u2019ambiance digital DT92E<\/p>","protected":false},"featured_media":1101,"comment_status":"open","ping_status":"closed","template":"","meta":[],"product_brand":[],"product_cat":[530],"product_tag":[],"class_list":{"0":"post-773","1":"product","2":"type-product","3":"status-publish","4":"has-post-thumbnail","6":"product_cat-thermostat-honeywell","7":"pa_marque-honeywell","9":"first","10":"instock","11":"sale","12":"taxable","13":"shipping-taxable","14":"purchasable","15":"product-type-simple"},"aioseo_notices":[],"_links":{"self":[{"href":"https:\/\/promochaudiere.be\/nl\/wp-json\/wp\/v2\/product\/773","targetHints":{"allow":["GET"]}}],"collection":[{"href":"https:\/\/promochaudiere.be\/nl\/wp-json\/wp\/v2\/product"}],"about":[{"href":"https:\/\/promochaudiere.be\/nl\/wp-json\/wp\/v2\/types\/product"}],"replies":[{"embeddable":true,"href":"https:\/\/promochaudiere.be\/nl\/wp-json\/wp\/v2\/comments?post=773"}],"version-history":[{"count":1,"href":"https:\/\/promochaudiere.be\/nl\/wp-json\/wp\/v2\/product\/773\/revisions"}],"predecessor-version":[{"id":51689,"href":"https:\/\/promochaudiere.be\/nl\/wp-json\/wp\/v2\/product\/773\/revisions\/51689"}],"wp:featuredmedia":[{"embeddable":true,"href":"https:\/\/promochaudiere.be\/nl\/wp-json\/wp\/v2\/media\/1101"}],"wp:attachment":[{"href":"https:\/\/promochaudiere.be\/nl\/wp-json\/wp\/v2\/media?parent=773"}],"wp:term":[{"taxonomy":"product_brand","embeddable":true,"href":"https:\/\/promochaudiere.be\/nl\/wp-json\/wp\/v2\/product_brand?post=773"},{"taxonomy":"product_cat","embeddable":true,"href":"https:\/\/promochaudiere.be\/nl\/wp-json\/wp\/v2\/product_cat?post=773"},{"taxonomy":"product_tag","embeddable":true,"href":"https:\/\/promochaudiere.be\/nl\/wp-json\/wp\/v2\/product_tag?post=773"}],"curies":[{"name":"wp","href":"https:\/\/api.w.org\/{rel}","templated":true}]}}