{"id":774,"date":"2022-04-06T12:54:35","date_gmt":"2022-04-06T12:54:35","guid":{"rendered":"https:\/\/promochaudiere.be\/produit\/honeywell-thermostat-lyric-t6r-intelligent-wifi-sans-fils\/"},"modified":"2026-02-03T19:40:05","modified_gmt":"2026-02-03T18:40:05","slug":"honeywell-thermostat-lyric-t6r-intelligent-wifi-sans-fils","status":"publish","type":"product","link":"https:\/\/promochaudiere.be\/nl\/product\/honeywell-thermostat-lyric-t6r-intelligent-wifi-sans-fils\/","title":{"rendered":"Honeywell thermostat lyric T6R intelligent wifi sans fils"},"content":{"rendered":"<p>Pour ceux qui cherchent un thermostat d\u2019ambiance efficace et de bon prix, nous mettons \u00e0 votre disposition ce thermostat de la marque Honeywell qui sera le choix id\u00e9al pour vous\u00a0!<\/p>\n<p>Ce thermostat avec Wi-Fi vous permet de le contr\u00f4ler via votre smartphone ou votre tablette. Il dispose d\u2019un \u00e9cran tactile. Il est dot\u00e9 d\u2019une technologie de g\u00e9olocalisation pour contr\u00f4ler automatiquement le chauffage lorsque vous \u00eates absent.<\/p>","protected":false},"excerpt":{"rendered":"<p>Honeywell thermostat lyric T6R intelligent wifi sans fils<\/p>","protected":false},"featured_media":1102,"comment_status":"open","ping_status":"closed","template":"","meta":[],"product_brand":[],"product_cat":[530],"product_tag":[],"class_list":{"0":"post-774","1":"product","2":"type-product","3":"status-publish","4":"has-post-thumbnail","6":"product_cat-thermostat-honeywell","7":"pa_marque-honeywell","9":"first","10":"instock","11":"sale","12":"taxable","13":"shipping-taxable","14":"purchasable","15":"product-type-simple"},"aioseo_notices":[],"_links":{"self":[{"href":"https:\/\/promochaudiere.be\/nl\/wp-json\/wp\/v2\/product\/774","targetHints":{"allow":["GET"]}}],"collection":[{"href":"https:\/\/promochaudiere.be\/nl\/wp-json\/wp\/v2\/product"}],"about":[{"href":"https:\/\/promochaudiere.be\/nl\/wp-json\/wp\/v2\/types\/product"}],"replies":[{"embeddable":true,"href":"https:\/\/promochaudiere.be\/nl\/wp-json\/wp\/v2\/comments?post=774"}],"version-history":[{"count":1,"href":"https:\/\/promochaudiere.be\/nl\/wp-json\/wp\/v2\/product\/774\/revisions"}],"predecessor-version":[{"id":51690,"href":"https:\/\/promochaudiere.be\/nl\/wp-json\/wp\/v2\/product\/774\/revisions\/51690"}],"wp:featuredmedia":[{"embeddable":true,"href":"https:\/\/promochaudiere.be\/nl\/wp-json\/wp\/v2\/media\/1102"}],"wp:attachment":[{"href":"https:\/\/promochaudiere.be\/nl\/wp-json\/wp\/v2\/media?parent=774"}],"wp:term":[{"taxonomy":"product_brand","embeddable":true,"href":"https:\/\/promochaudiere.be\/nl\/wp-json\/wp\/v2\/product_brand?post=774"},{"taxonomy":"product_cat","embeddable":true,"href":"https:\/\/promochaudiere.be\/nl\/wp-json\/wp\/v2\/product_cat?post=774"},{"taxonomy":"product_tag","embeddable":true,"href":"https:\/\/promochaudiere.be\/nl\/wp-json\/wp\/v2\/product_tag?post=774"}],"curies":[{"name":"wp","href":"https:\/\/api.w.org\/{rel}","templated":true}]}}