{"id":778,"date":"2022-04-06T12:54:36","date_gmt":"2022-04-06T12:54:36","guid":{"rendered":"https:\/\/promochaudiere.be\/produit\/durlem-adoucisseur-volumetrique-vpro\/"},"modified":"2026-02-03T19:40:14","modified_gmt":"2026-02-03T18:40:14","slug":"durlem-adoucisseur-volumetrique-vpro","status":"publish","type":"product","link":"https:\/\/promochaudiere.be\/nl\/product\/durlem-adoucisseur-volumetrique-vpro\/","title":{"rendered":"Durlem volumetrische waterontharder VPRO 93020F"},"content":{"rendered":"<p>Pour un confort, un bien-\u00eatre et une bonne sant\u00e9, la marque Durlem vous pr\u00e9sente cet adoucisseur qui r\u00e9pond parfaitement \u00e0 vos exigences. Il permet d&rsquo;am\u00e9liorer la qualit\u00e9 de votre eau par l&rsquo;enl\u00e8vement de calcaire.<\/p>\n<p>Cet adoucisseur est dot\u00e9 d\u2019une bouteille de r\u00e9sine en composite, un corps en poly\u00e9thyl\u00e8ne haute r\u00e9sistance, une t\u00eate \u00e9lectronique programmable, un bypass incorpor\u00e9 et une vanne de mixage pour r\u00e9gler la duret\u00e9 d\u00e9sir\u00e9e.<\/p>","protected":false},"excerpt":{"rendered":"<p><strong>Caract\u00e9ristiques :<\/strong><\/p>\n<ul>\n<li>Pression d\u2019utilisation\u00a0: 2,5 &#8211; 8,5 bar<\/li>\n<li>D\u00e9bit nominal\u00a0: 1,8 m\u00b3\/h<\/li>\n<li>\u00d8 entr\u00e9e\/sortie\u00a0: 3\/4\u201d-3\/4\u201d<\/li>\n<li>Alimentation \u00e9lectrique\u00a0: transfo 230\/12V<\/li>\n<li>Dimensions : 90-32-52 cm<\/li>\n<li>Contenance bac \u00e0 sel\u00a0: 30 kg<\/li>\n<li>Quantit\u00e9 de r\u00e9sine\u00a0: 20 L<\/li>\n<li>Capacit\u00e9 entre 2 r\u00e9g\u00e9n\u00e9rations\u00a0: 4,2m\u00b3<\/li>\n<\/ul>","protected":false},"featured_media":1108,"comment_status":"closed","ping_status":"closed","template":"","meta":[],"product_brand":[],"product_cat":[334,522],"product_tag":[],"class_list":{"0":"post-778","1":"product","2":"type-product","3":"status-publish","4":"has-post-thumbnail","6":"product_cat-adoucisseur-traitement-de-leau","7":"product_cat-meilleures-ventes","8":"pa_marque-durlem","10":"first","11":"instock","12":"sale","13":"taxable","14":"shipping-taxable","15":"purchasable","16":"product-type-simple"},"aioseo_notices":[],"_links":{"self":[{"href":"https:\/\/promochaudiere.be\/nl\/wp-json\/wp\/v2\/product\/778","targetHints":{"allow":["GET"]}}],"collection":[{"href":"https:\/\/promochaudiere.be\/nl\/wp-json\/wp\/v2\/product"}],"about":[{"href":"https:\/\/promochaudiere.be\/nl\/wp-json\/wp\/v2\/types\/product"}],"replies":[{"embeddable":true,"href":"https:\/\/promochaudiere.be\/nl\/wp-json\/wp\/v2\/comments?post=778"}],"version-history":[{"count":2,"href":"https:\/\/promochaudiere.be\/nl\/wp-json\/wp\/v2\/product\/778\/revisions"}],"predecessor-version":[{"id":51677,"href":"https:\/\/promochaudiere.be\/nl\/wp-json\/wp\/v2\/product\/778\/revisions\/51677"}],"wp:featuredmedia":[{"embeddable":true,"href":"https:\/\/promochaudiere.be\/nl\/wp-json\/wp\/v2\/media\/1108"}],"wp:attachment":[{"href":"https:\/\/promochaudiere.be\/nl\/wp-json\/wp\/v2\/media?parent=778"}],"wp:term":[{"taxonomy":"product_brand","embeddable":true,"href":"https:\/\/promochaudiere.be\/nl\/wp-json\/wp\/v2\/product_brand?post=778"},{"taxonomy":"product_cat","embeddable":true,"href":"https:\/\/promochaudiere.be\/nl\/wp-json\/wp\/v2\/product_cat?post=778"},{"taxonomy":"product_tag","embeddable":true,"href":"https:\/\/promochaudiere.be\/nl\/wp-json\/wp\/v2\/product_tag?post=778"}],"curies":[{"name":"wp","href":"https:\/\/api.w.org\/{rel}","templated":true}]}}