{"id":782,"date":"2022-04-06T12:54:36","date_gmt":"2022-04-06T12:54:36","guid":{"rendered":"https:\/\/promochaudiere.be\/produit\/durlem-kit-hydro-filtre-auto-nettoyant-pour-eau-de-ville\/"},"modified":"2026-02-03T18:14:59","modified_gmt":"2026-02-03T17:14:59","slug":"durlem-kit-hydro-filtre-auto-nettoyant-pour-eau-de-ville","status":"publish","type":"product","link":"https:\/\/promochaudiere.be\/nl\/product\/durlem-kit-hydro-filtre-auto-nettoyant-pour-eau-de-ville\/","title":{"rendered":"Durlem kit hydro + filtre auto-nettoyant pour eau de ville"},"content":{"rendered":"<p>Ce kit de la marque Durlem est utilis\u00e9 sp\u00e9cialement pour la filtration des eaux de pluie, de puits et de distribution. Il compos\u00e9 d&rsquo;un autonettoyant avec cartouche polyester de 90\u03bc (lavable), un support mural, une cl\u00e9 et une visserie.<\/p>","protected":false},"excerpt":{"rendered":"<p>Durlem kit hydro + filtre auto-nettoyant pour eau de ville<\/p>","protected":false},"featured_media":1116,"comment_status":"open","ping_status":"closed","template":"","meta":[],"product_brand":[],"product_cat":[336],"product_tag":[],"class_list":{"0":"post-782","1":"product","2":"type-product","3":"status-publish","4":"has-post-thumbnail","6":"product_cat-filtre-traitement-deau","7":"pa_marque-durlem","9":"first","10":"instock","11":"sale","12":"taxable","13":"shipping-taxable","14":"purchasable","15":"product-type-simple"},"aioseo_notices":[],"_links":{"self":[{"href":"https:\/\/promochaudiere.be\/nl\/wp-json\/wp\/v2\/product\/782","targetHints":{"allow":["GET"]}}],"collection":[{"href":"https:\/\/promochaudiere.be\/nl\/wp-json\/wp\/v2\/product"}],"about":[{"href":"https:\/\/promochaudiere.be\/nl\/wp-json\/wp\/v2\/types\/product"}],"replies":[{"embeddable":true,"href":"https:\/\/promochaudiere.be\/nl\/wp-json\/wp\/v2\/comments?post=782"}],"version-history":[{"count":1,"href":"https:\/\/promochaudiere.be\/nl\/wp-json\/wp\/v2\/product\/782\/revisions"}],"predecessor-version":[{"id":51680,"href":"https:\/\/promochaudiere.be\/nl\/wp-json\/wp\/v2\/product\/782\/revisions\/51680"}],"wp:featuredmedia":[{"embeddable":true,"href":"https:\/\/promochaudiere.be\/nl\/wp-json\/wp\/v2\/media\/1116"}],"wp:attachment":[{"href":"https:\/\/promochaudiere.be\/nl\/wp-json\/wp\/v2\/media?parent=782"}],"wp:term":[{"taxonomy":"product_brand","embeddable":true,"href":"https:\/\/promochaudiere.be\/nl\/wp-json\/wp\/v2\/product_brand?post=782"},{"taxonomy":"product_cat","embeddable":true,"href":"https:\/\/promochaudiere.be\/nl\/wp-json\/wp\/v2\/product_cat?post=782"},{"taxonomy":"product_tag","embeddable":true,"href":"https:\/\/promochaudiere.be\/nl\/wp-json\/wp\/v2\/product_tag?post=782"}],"curies":[{"name":"wp","href":"https:\/\/api.w.org\/{rel}","templated":true}]}}