{"id":784,"date":"2022-04-06T12:54:36","date_gmt":"2022-04-06T12:54:36","guid":{"rendered":"https:\/\/promochaudiere.be\/produit\/durlem-kit-triplex-pro-filtre-tamis-fin-carbone-actif-pour-eau-de-pluie\/"},"modified":"2026-02-03T18:15:09","modified_gmt":"2026-02-03T17:15:09","slug":"durlem-kit-triplex-pro-filtre-tamis-fin-carbone-actif-pour-eau-de-pluie","status":"publish","type":"product","link":"https:\/\/promochaudiere.be\/nl\/product\/durlem-kit-triplex-pro-filtre-tamis-fin-carbone-actif-pour-eau-de-pluie\/","title":{"rendered":"Durlem kit TRIPLEX PRO filtre tamis + fin + carbone actif pour eau de pluie"},"content":{"rendered":"<p>Ce kit de la marque Durlem est utilis\u00e9 sp\u00e9cialement pour la filtration des eaux de pluie. Il compos\u00e9 d&rsquo;un pr\u00e9filtre lavable 50 \u03bc, une cartouche filtrante 25 \u03bc, une cartouche charbon actif, une cl\u00e9, une visserie et un support mural.<\/p>","protected":false},"excerpt":{"rendered":"<p>Durlem kit TRIPLEX PRO filtre tamis + fin + carbone actif pour eau de pluie<\/p>","protected":false},"featured_media":1120,"comment_status":"open","ping_status":"closed","template":"","meta":[],"product_brand":[],"product_cat":[336],"product_tag":[],"class_list":{"0":"post-784","1":"product","2":"type-product","3":"status-publish","4":"has-post-thumbnail","6":"product_cat-filtre-traitement-deau","7":"pa_marque-durlem","9":"first","10":"instock","11":"sale","12":"taxable","13":"shipping-taxable","14":"purchasable","15":"product-type-simple"},"aioseo_notices":[],"_links":{"self":[{"href":"https:\/\/promochaudiere.be\/nl\/wp-json\/wp\/v2\/product\/784","targetHints":{"allow":["GET"]}}],"collection":[{"href":"https:\/\/promochaudiere.be\/nl\/wp-json\/wp\/v2\/product"}],"about":[{"href":"https:\/\/promochaudiere.be\/nl\/wp-json\/wp\/v2\/types\/product"}],"replies":[{"embeddable":true,"href":"https:\/\/promochaudiere.be\/nl\/wp-json\/wp\/v2\/comments?post=784"}],"version-history":[{"count":1,"href":"https:\/\/promochaudiere.be\/nl\/wp-json\/wp\/v2\/product\/784\/revisions"}],"predecessor-version":[{"id":51682,"href":"https:\/\/promochaudiere.be\/nl\/wp-json\/wp\/v2\/product\/784\/revisions\/51682"}],"wp:featuredmedia":[{"embeddable":true,"href":"https:\/\/promochaudiere.be\/nl\/wp-json\/wp\/v2\/media\/1120"}],"wp:attachment":[{"href":"https:\/\/promochaudiere.be\/nl\/wp-json\/wp\/v2\/media?parent=784"}],"wp:term":[{"taxonomy":"product_brand","embeddable":true,"href":"https:\/\/promochaudiere.be\/nl\/wp-json\/wp\/v2\/product_brand?post=784"},{"taxonomy":"product_cat","embeddable":true,"href":"https:\/\/promochaudiere.be\/nl\/wp-json\/wp\/v2\/product_cat?post=784"},{"taxonomy":"product_tag","embeddable":true,"href":"https:\/\/promochaudiere.be\/nl\/wp-json\/wp\/v2\/product_tag?post=784"}],"curies":[{"name":"wp","href":"https:\/\/api.w.org\/{rel}","templated":true}]}}